{"id":396,"date":"2021-11-09T21:34:50","date_gmt":"2021-11-09T20:34:50","guid":{"rendered":"http:\/\/nazwy.etnomuzeum.pl\/?page_id=396"},"modified":"2021-11-15T00:10:44","modified_gmt":"2021-11-14T23:10:44","slug":"literature","status":"publish","type":"page","link":"http:\/\/nazwy.etnomuzeum.pl\/?page_id=396&lang=en","title":{"rendered":"literature"},"content":{"rendered":"[vc_row type=&#8221;full_width_background&#8221; full_screen_row_position=&#8221;middle&#8221; column_margin=&#8221;default&#8221; column_direction=&#8221;default&#8221; column_direction_tablet=&#8221;default&#8221; column_direction_phone=&#8221;default&#8221; bg_image=&#8221;132&#8243; bg_position=&#8221;left top&#8221; background_image_loading=&#8221;default&#8221; bg_repeat=&#8221;no-repeat&#8221; scene_position=&#8221;center&#8221; bottom_padding=&#8221;900&#8243; text_color=&#8221;dark&#8221; text_align=&#8221;left&#8221; row_border_radius=&#8221;none&#8221; row_border_radius_applies=&#8221;bg&#8221; overlay_strength=&#8221;0.3&#8243; gradient_direction=&#8221;left_to_right&#8221; shape_divider_position=&#8221;bottom&#8221; bg_image_animation=&#8221;none&#8221; shape_type=&#8221;&#8221;][vc_column column_padding=&#8221;no-extra-padding&#8221; column_padding_tablet=&#8221;inherit&#8221; column_padding_phone=&#8221;inherit&#8221; column_padding_position=&#8221;all&#8221; column_element_spacing=&#8221;default&#8221; background_color_opacity=&#8221;1&#8243; background_hover_color_opacity=&#8221;1&#8243; column_shadow=&#8221;none&#8221; column_border_radius=&#8221;none&#8221; column_link_target=&#8221;_self&#8221; gradient_direction=&#8221;left_to_right&#8221; overlay_strength=&#8221;0.3&#8243; width=&#8221;1\/1&#8243; tablet_width_inherit=&#8221;default&#8221; tablet_text_alignment=&#8221;default&#8221; phone_text_alignment=&#8221;default&#8221; bg_image_animation=&#8221;none&#8221; border_type=&#8221;simple&#8221; column_border_width=&#8221;none&#8221; column_border_style=&#8221;solid&#8221;][\/vc_column][\/vc_row][vc_row type=&#8221;in_container&#8221; full_screen_row_position=&#8221;middle&#8221; column_margin=&#8221;default&#8221; column_direction=&#8221;default&#8221; column_direction_tablet=&#8221;default&#8221; column_direction_phone=&#8221;default&#8221; scene_position=&#8221;center&#8221; top_padding=&#8221;60&#8243; bottom_padding=&#8221;45&#8243; text_color=&#8221;dark&#8221; text_align=&#8221;left&#8221; row_border_radius=&#8221;none&#8221; row_border_radius_applies=&#8221;bg&#8221; overlay_strength=&#8221;0.3&#8243; gradient_direction=&#8221;left_to_right&#8221; shape_divider_position=&#8221;bottom&#8221; bg_image_animation=&#8221;none&#8221; shape_type=&#8221;&#8221;][vc_column column_padding=&#8221;no-extra-padding&#8221; column_padding_tablet=&#8221;inherit&#8221; column_padding_phone=&#8221;inherit&#8221; column_padding_position=&#8221;all&#8221; column_element_spacing=&#8221;0px&#8221; background_color_opacity=&#8221;1&#8243; background_hover_color_opacity=&#8221;1&#8243; column_shadow=&#8221;none&#8221; column_border_radius=&#8221;none&#8221; column_link_target=&#8221;_self&#8221; gradient_direction=&#8221;left_to_right&#8221; overlay_strength=&#8221;0.3&#8243; width=&#8221;1\/1&#8243; tablet_width_inherit=&#8221;default&#8221; tablet_text_alignment=&#8221;default&#8221; phone_text_alignment=&#8221;default&#8221; bg_image_animation=&#8221;none&#8221; border_type=&#8221;simple&#8221; column_border_width=&#8221;none&#8221; column_border_style=&#8221;solid&#8221;][vc_column_text]\n<h4 style=\"text-align: center;\"><span style=\"color: #999999;\">Intangible heritage of the Kujawsko-Pomorskie Voivodeship<\/span><\/h4>\n[\/vc_column_text][divider line_type=&#8221;No Line&#8221; custom_height=&#8221;15&#8243;][vc_column_text]\n<h5 class=\"p2\" style=\"text-align: center;\"><span style=\"color: #345488;\"><b>Literature<\/b><\/span><\/h5>\n[\/vc_column_text][\/vc_column][\/vc_row][vc_row type=&#8221;in_container&#8221; full_screen_row_position=&#8221;middle&#8221; column_margin=&#8221;default&#8221; column_direction=&#8221;default&#8221; column_direction_tablet=&#8221;default&#8221; column_direction_phone=&#8221;default&#8221; scene_position=&#8221;center&#8221; top_padding=&#8221;0&#8243; bottom_padding=&#8221;200&#8243; text_color=&#8221;dark&#8221; text_align=&#8221;left&#8221; row_border_radius=&#8221;none&#8221; row_border_radius_applies=&#8221;bg&#8221; overlay_strength=&#8221;0.3&#8243; gradient_direction=&#8221;left_to_right&#8221; shape_divider_position=&#8221;bottom&#8221; bg_image_animation=&#8221;none&#8221; shape_type=&#8221;&#8221;][vc_column column_padding=&#8221;no-extra-padding&#8221; column_padding_tablet=&#8221;inherit&#8221; column_padding_phone=&#8221;inherit&#8221; column_padding_position=&#8221;all&#8221; column_element_spacing=&#8221;default&#8221; background_color_opacity=&#8221;1&#8243; background_hover_color_opacity=&#8221;1&#8243; column_shadow=&#8221;none&#8221; column_border_radius=&#8221;none&#8221; column_link_target=&#8221;_self&#8221; gradient_direction=&#8221;left_to_right&#8221; overlay_strength=&#8221;0.3&#8243; width=&#8221;1\/1&#8243; tablet_width_inherit=&#8221;default&#8221; tablet_text_alignment=&#8221;default&#8221; phone_text_alignment=&#8221;default&#8221; bg_image_animation=&#8221;none&#8221; border_type=&#8221;simple&#8221; column_border_width=&#8221;none&#8221; column_border_style=&#8221;solid&#8221;][vc_column_text]Adamowski Jan, Smyk Katarzyna, <em>Niematerialne dziedzictwo kulturowe \u2013 teoria i praktyka, <\/em>[w:] <em>Niematerialne dziedzictwo kulturowe: \u017ar\u00f3d\u0142a \u2013 warto\u015bci \u2013 ochrona<\/em>, red. J. Adamowski, K. Smyk, Lublin-Warszawa 2013, s. 9-17.<\/p>\n<p>Batowski Henryk, <em>S\u0142ownik nazw miejscowych Europy \u015arodkowej i Wschodniej XIX i XX wieku<\/em>, Warszawa 1990.<\/p>\n<p>Dobosz Piotr,\u00a0 <em>Nowe prawo ochrony i opieki nad zabytkami w Polsce<\/em>, [w:] <em>O zabytkach. Opieka. Ochrona. Konserwacja<\/em>, red. T. Rudkowski. Warszawa 2005.<\/p>\n<p>Go\u0142aski Janusz, <em>Ustalanie i wdra\u017canie nazw obiekt\u00f3w fizjograficznych na Ziemiach Zachodnich i P\u00f3\u0142nocnych Rzeczypospolitej Polskiej<\/em>, \u201ePolski Przegl\u0105d Kartograficzny\u201d 2008, t. 40, nr 1, s. 46-53.<\/p>\n<p>G\u00f3rnowicz Hubert, <em>O mo\u017cliwo\u015bci rekonstrukcji dawnego krajobrazu, flory i fauny na podstawie toponimii<\/em>, \u201ePoradnik j\u0119zykowy\u201d 1977, s. 337-344.<\/p>\n<p>Handke Kwiryna, <em>Ochrona zabytk\u00f3w niematerialnych na przyk\u0142adzie nazewnictwa miejskiego, <\/em>[w]:<em> O zabytkach. Opieka. Ochrona. Konserwacja<\/em>, red. T. Rudkowski<em>,<\/em> Warszawa 2005, s<em>. <\/em>179-192.<\/p>\n<p>Jasi\u0144ski Tomasz, <em>Z zagadnie\u0144 topografii spo\u0142ecznej \u015bredniowiecznego Torunia<\/em>, cz. 1: <em>Stare Miasto<\/em>, \u201eZapiski Historyczne\u201d 1983, t. 48, z. 3, s. 389-431.<\/p>\n<p>Kar\u0142owicz Jan, <em>Imiona w\u0142asne polskich miejsc i ludzi od zatrudnie\u0144, <\/em>odbitka z Pami\u0119tnika Fizjograficznego, Tom VI za rok 1886, Warszawa 1887.<\/p>\n<p>K\u0142osek-Koz\u0142owska Danuta,\u00a0\u00a0\u00a0 <em>Miasto i jego ochrona<\/em>, [w:] <em>O zabytkach. Opieka. Ochrona. Konserwacja<\/em>, red. T. Rudkowski, Warszawa 2005, s. 53-54.<\/p>\n<p>Ko\u0142odziejczyk Krzysztof, <em>Niefortunne rozwi\u0105zania toponomastyczne na przyk\u0142adzie nazw ulic i plac\u00f3w Wroc\u0142awia<\/em>, \u201eOnomastica\u201d 2013, R. LVII, s. 185-204.<\/p>\n<p>Mikulski Krzysztof, <em>Nazwy ulic\u00a0 Nowego Miasta Torunia w pierwszej po\u0142owie XVIII wieku<\/em>, [w:] <em>Polska i jej wschodni s\u0105siedzi (od \u015bredniowiecza po czasy wsp\u00f3\u0142czesne)<\/em>, red. Z. Karpus, T. Kempa, D. Michaluk, Toru\u0144 1996, s. 169-185.<\/p>\n<p>Moszy\u0144ski Kazimierz, <em>Projekt kwestionariusza o nazwach miejscowych<\/em>, \u201eOnomastica\u201d 1959, R. V, z. 2, s. 355-364.<\/p>\n<p>Ratajski S\u0142awomir, <em>Koncepcja ochrony dziedzictwa niematerialnego <\/em><em>w Konwencji UNESCO<\/em>, <strong>\u00a0<\/strong>[w:] <em>Niematerialne dziedzictwo kulturowe: \u017ar\u00f3d\u0142a \u2013 warto\u015bci \u2013 ochrona<\/em>, red. J. Adamowski, K. Smyk, Lublin-Warszawa 2013, s. 21-34.<\/p>\n<p>Rogowska-Cybulska Ewa, <em>O motywacji imionami w etymologiach ludowych polskich toponim\u00f3w<\/em>, \u201eOnomastica\u201d 2014, R. LVIII, s. 167-182.<\/p>\n<p>Rymut Kazimierz, <em>Hydronimia polska. Stan obecny, postulaty badawcze<\/em>, \u201eOnomastica\u201d 1989, R. XXIX, s. 17-23.<\/p>\n<p>Trapszyc Artur, <em>Nazwy miejscowe \u2013 przekaz i \u015bwiadectwo rzeczywisto\u015bci kulturowo-historycznej. Ochrona, eksploracja, upowszechnianie<\/em>, \u201e\u0141\u00f3dzkie Studia Etnograficzne\u201d 2016, t. 55, s. 193-217.[\/vc_column_text][\/vc_column][\/vc_row]\n","protected":false},"excerpt":{"rendered":"<p>[vc_row type=&#8221;full_width_background&#8221; full_screen_row_position=&#8221;middle&#8221; column_margin=&#8221;default&#8221; column_direction=&#8221;default&#8221; column_direction_tablet=&#8221;default&#8221; column_direction_phone=&#8221;default&#8221; bg_image=&#8221;132&#8243; bg_position=&#8221;left top&#8221; background_image_loading=&#8221;default&#8221; bg_repeat=&#8221;no-repeat&#8221; scene_position=&#8221;center&#8221; bottom_padding=&#8221;900&#8243; text_color=&#8221;dark&#8221; text_align=&#8221;left&#8221; row_border_radius=&#8221;none&#8221; row_border_radius_applies=&#8221;bg&#8221; overlay_strength=&#8221;0.3&#8243; gradient_direction=&#8221;left_to_right&#8221; shape_divider_position=&#8221;bottom&#8221; bg_image_animation=&#8221;none&#8221; shape_type=&#8221;&#8221;][vc_column column_padding=&#8221;no-extra-padding&#8221; column_padding_tablet=&#8221;inherit&#8221; column_padding_phone=&#8221;inherit&#8221; column_padding_position=&#8221;all&#8221; column_element_spacing=&#8221;default&#8221; background_color_opacity=&#8221;1&#8243; background_hover_color_opacity=&#8221;1&#8243;&#8230;<\/p>\n","protected":false},"author":1,"featured_media":0,"parent":0,"menu_order":0,"comment_status":"closed","ping_status":"closed","template":"","meta":{"footnotes":""},"class_list":["post-396","page","type-page","status-publish"],"yoast_head":"<!-- This site is optimized with the Yoast SEO plugin v17.1 - https:\/\/yoast.com\/wordpress\/plugins\/seo\/ -->\n<title>literature - Muzeum Etnograficzne im. Marii Znamierowskiej-Prufferowej w Toruniu<\/title>\n<meta name=\"robots\" content=\"index, follow, max-snippet:-1, max-image-preview:large, max-video-preview:-1\" \/>\n<link rel=\"canonical\" href=\"http:\/\/nazwy.etnomuzeum.pl\/?page_id=396&#038;lang=en\" \/>\n<meta property=\"og:locale\" content=\"en_US\" \/>\n<meta property=\"og:type\" content=\"article\" \/>\n<meta property=\"og:title\" content=\"literature - Muzeum Etnograficzne im. Marii Znamierowskiej-Prufferowej w Toruniu\" \/>\n<meta property=\"og:description\" content=\"[vc_row type=&#8221;full_width_background&#8221; full_screen_row_position=&#8221;middle&#8221; column_margin=&#8221;default&#8221; column_direction=&#8221;default&#8221; column_direction_tablet=&#8221;default&#8221; column_direction_phone=&#8221;default&#8221; bg_image=&#8221;132&#8243; bg_position=&#8221;left top&#8221; background_image_loading=&#8221;default&#8221; bg_repeat=&#8221;no-repeat&#8221; scene_position=&#8221;center&#8221; bottom_padding=&#8221;900&#8243; text_color=&#8221;dark&#8221; text_align=&#8221;left&#8221; row_border_radius=&#8221;none&#8221; row_border_radius_applies=&#8221;bg&#8221; overlay_strength=&#8221;0.3&#8243; gradient_direction=&#8221;left_to_right&#8221; shape_divider_position=&#8221;bottom&#8221; bg_image_animation=&#8221;none&#8221; shape_type=&#8221;&#8221;][vc_column column_padding=&#8221;no-extra-padding&#8221; column_padding_tablet=&#8221;inherit&#8221; column_padding_phone=&#8221;inherit&#8221; column_padding_position=&#8221;all&#8221; column_element_spacing=&#8221;default&#8221; background_color_opacity=&#8221;1&#8243; background_hover_color_opacity=&#8221;1&#8243;...\" \/>\n<meta property=\"og:url\" content=\"http:\/\/nazwy.etnomuzeum.pl\/?page_id=396&amp;lang=en\" \/>\n<meta property=\"og:site_name\" content=\"Muzeum Etnograficzne im. Marii Znamierowskiej-Prufferowej w Toruniu\" \/>\n<meta property=\"article:modified_time\" content=\"2021-11-14T23:10:44+00:00\" \/>\n<meta name=\"twitter:card\" content=\"summary_large_image\" \/>\n<meta name=\"twitter:label1\" content=\"Est. reading time\" \/>\n\t<meta name=\"twitter:data1\" content=\"4 minutes\" \/>\n<script type=\"application\/ld+json\" class=\"yoast-schema-graph\">{\"@context\":\"https:\/\/schema.org\",\"@graph\":[{\"@type\":\"WebSite\",\"@id\":\"http:\/\/nazwy.etnomuzeum.pl\/#website\",\"url\":\"http:\/\/nazwy.etnomuzeum.pl\/\",\"name\":\"Muzeum Etnograficzne im. Marii Znamierowskiej-Prufferowej w Toruniu\",\"description\":\"Dziedzictwo Niematerialne\/ Ulotne tradycje\",\"potentialAction\":[{\"@type\":\"SearchAction\",\"target\":{\"@type\":\"EntryPoint\",\"urlTemplate\":\"http:\/\/nazwy.etnomuzeum.pl\/?s={search_term_string}\"},\"query-input\":\"required name=search_term_string\"}],\"inLanguage\":\"en-US\"},{\"@type\":\"WebPage\",\"@id\":\"http:\/\/nazwy.etnomuzeum.pl\/?page_id=396&lang=en#webpage\",\"url\":\"http:\/\/nazwy.etnomuzeum.pl\/?page_id=396&lang=en\",\"name\":\"literature - Muzeum Etnograficzne im. Marii Znamierowskiej-Prufferowej w Toruniu\",\"isPartOf\":{\"@id\":\"http:\/\/nazwy.etnomuzeum.pl\/#website\"},\"datePublished\":\"2021-11-09T20:34:50+00:00\",\"dateModified\":\"2021-11-14T23:10:44+00:00\",\"breadcrumb\":{\"@id\":\"http:\/\/nazwy.etnomuzeum.pl\/?page_id=396&lang=en#breadcrumb\"},\"inLanguage\":\"en-US\",\"potentialAction\":[{\"@type\":\"ReadAction\",\"target\":[\"http:\/\/nazwy.etnomuzeum.pl\/?page_id=396&lang=en\"]}]},{\"@type\":\"BreadcrumbList\",\"@id\":\"http:\/\/nazwy.etnomuzeum.pl\/?page_id=396&lang=en#breadcrumb\",\"itemListElement\":[{\"@type\":\"ListItem\",\"position\":1,\"name\":\"Home\",\"item\":\"https:\/\/nazwy.etnomuzeum.pl\/\"},{\"@type\":\"ListItem\",\"position\":2,\"name\":\"literature\"}]}]}<\/script>\n<!-- \/ Yoast SEO plugin. -->","yoast_head_json":{"title":"literature - Muzeum Etnograficzne im. Marii Znamierowskiej-Prufferowej w Toruniu","robots":{"index":"index","follow":"follow","max-snippet":"max-snippet:-1","max-image-preview":"max-image-preview:large","max-video-preview":"max-video-preview:-1"},"canonical":"http:\/\/nazwy.etnomuzeum.pl\/?page_id=396&lang=en","og_locale":"en_US","og_type":"article","og_title":"literature - Muzeum Etnograficzne im. Marii Znamierowskiej-Prufferowej w Toruniu","og_description":"[vc_row type=&#8221;full_width_background&#8221; full_screen_row_position=&#8221;middle&#8221; column_margin=&#8221;default&#8221; column_direction=&#8221;default&#8221; column_direction_tablet=&#8221;default&#8221; column_direction_phone=&#8221;default&#8221; bg_image=&#8221;132&#8243; bg_position=&#8221;left top&#8221; background_image_loading=&#8221;default&#8221; bg_repeat=&#8221;no-repeat&#8221; scene_position=&#8221;center&#8221; bottom_padding=&#8221;900&#8243; text_color=&#8221;dark&#8221; text_align=&#8221;left&#8221; row_border_radius=&#8221;none&#8221; row_border_radius_applies=&#8221;bg&#8221; overlay_strength=&#8221;0.3&#8243; gradient_direction=&#8221;left_to_right&#8221; shape_divider_position=&#8221;bottom&#8221; bg_image_animation=&#8221;none&#8221; shape_type=&#8221;&#8221;][vc_column column_padding=&#8221;no-extra-padding&#8221; column_padding_tablet=&#8221;inherit&#8221; column_padding_phone=&#8221;inherit&#8221; column_padding_position=&#8221;all&#8221; column_element_spacing=&#8221;default&#8221; background_color_opacity=&#8221;1&#8243; background_hover_color_opacity=&#8221;1&#8243;...","og_url":"http:\/\/nazwy.etnomuzeum.pl\/?page_id=396&lang=en","og_site_name":"Muzeum Etnograficzne im. Marii Znamierowskiej-Prufferowej w Toruniu","article_modified_time":"2021-11-14T23:10:44+00:00","twitter_card":"summary_large_image","twitter_misc":{"Est. reading time":"4 minutes"},"schema":{"@context":"https:\/\/schema.org","@graph":[{"@type":"WebSite","@id":"http:\/\/nazwy.etnomuzeum.pl\/#website","url":"http:\/\/nazwy.etnomuzeum.pl\/","name":"Muzeum Etnograficzne im. Marii Znamierowskiej-Prufferowej w Toruniu","description":"Dziedzictwo Niematerialne\/ Ulotne tradycje","potentialAction":[{"@type":"SearchAction","target":{"@type":"EntryPoint","urlTemplate":"http:\/\/nazwy.etnomuzeum.pl\/?s={search_term_string}"},"query-input":"required name=search_term_string"}],"inLanguage":"en-US"},{"@type":"WebPage","@id":"http:\/\/nazwy.etnomuzeum.pl\/?page_id=396&lang=en#webpage","url":"http:\/\/nazwy.etnomuzeum.pl\/?page_id=396&lang=en","name":"literature - Muzeum Etnograficzne im. Marii Znamierowskiej-Prufferowej w Toruniu","isPartOf":{"@id":"http:\/\/nazwy.etnomuzeum.pl\/#website"},"datePublished":"2021-11-09T20:34:50+00:00","dateModified":"2021-11-14T23:10:44+00:00","breadcrumb":{"@id":"http:\/\/nazwy.etnomuzeum.pl\/?page_id=396&lang=en#breadcrumb"},"inLanguage":"en-US","potentialAction":[{"@type":"ReadAction","target":["http:\/\/nazwy.etnomuzeum.pl\/?page_id=396&lang=en"]}]},{"@type":"BreadcrumbList","@id":"http:\/\/nazwy.etnomuzeum.pl\/?page_id=396&lang=en#breadcrumb","itemListElement":[{"@type":"ListItem","position":1,"name":"Home","item":"https:\/\/nazwy.etnomuzeum.pl\/"},{"@type":"ListItem","position":2,"name":"literature"}]}]}},"_links":{"self":[{"href":"http:\/\/nazwy.etnomuzeum.pl\/index.php?rest_route=\/wp\/v2\/pages\/396","targetHints":{"allow":["GET"]}}],"collection":[{"href":"http:\/\/nazwy.etnomuzeum.pl\/index.php?rest_route=\/wp\/v2\/pages"}],"about":[{"href":"http:\/\/nazwy.etnomuzeum.pl\/index.php?rest_route=\/wp\/v2\/types\/page"}],"author":[{"embeddable":true,"href":"http:\/\/nazwy.etnomuzeum.pl\/index.php?rest_route=\/wp\/v2\/users\/1"}],"replies":[{"embeddable":true,"href":"http:\/\/nazwy.etnomuzeum.pl\/index.php?rest_route=%2Fwp%2Fv2%2Fcomments&post=396"}],"version-history":[{"count":3,"href":"http:\/\/nazwy.etnomuzeum.pl\/index.php?rest_route=\/wp\/v2\/pages\/396\/revisions"}],"predecessor-version":[{"id":438,"href":"http:\/\/nazwy.etnomuzeum.pl\/index.php?rest_route=\/wp\/v2\/pages\/396\/revisions\/438"}],"wp:attachment":[{"href":"http:\/\/nazwy.etnomuzeum.pl\/index.php?rest_route=%2Fwp%2Fv2%2Fmedia&parent=396"}],"curies":[{"name":"wp","href":"https:\/\/api.w.org\/{rel}","templated":true}]}}